{"id":1347661,"date":"2024-09-06T11:01:15","date_gmt":"2024-09-06T15:01:15","guid":{"rendered":"https:\/\/www.prod23.movingwaldo.com\/?page_id=1347661"},"modified":"2024-09-06T11:03:43","modified_gmt":"2024-09-06T15:03:43","slug":"processus-de-reclamation-confirmation","status":"publish","type":"page","link":"https:\/\/www.prod23.movingwaldo.com\/fr\/processus-de-reclamation\/processus-de-reclamation-confirmation\/","title":{"rendered":"Processus de r\u00e9clamation &#8211; Confirmation"},"content":{"rendered":"\t\t<div data-elementor-type=\"wp-post\" data-elementor-id=\"1347661\" class=\"elementor elementor-1347661\" data-elementor-post-type=\"page\">\n\t\t\t\t<div data-dce-background-image-url=\"https:\/\/www.prod23.movingwaldo.com\/wp-content\/uploads\/2024\/09\/Left.png\" data-dce-background-overlay-image-url=\"https:\/\/www.prod23.movingwaldo.com\/wp-content\/uploads\/2024\/09\/Right.png\" class=\"elementor-element elementor-element-c44ac7d e-flex e-con-boxed e-con e-parent\" data-id=\"c44ac7d\" data-element_type=\"container\" data-e-type=\"container\" data-settings=\"{&quot;background_background&quot;:&quot;classic&quot;,&quot;jet_parallax_layout_list&quot;:[]}\">\n\t\t\t\t\t<div class=\"e-con-inner\">\n\t\t\t\t<div class=\"elementor-element elementor-element-dee8e87 elementor-widget__width-initial elementor-widget elementor-widget-heading\" data-id=\"dee8e87\" data-element_type=\"widget\" data-e-type=\"widget\" data-widget_type=\"heading.default\">\n\t\t\t\t<div class=\"elementor-widget-container\">\n\t\t\t\t\t<h1 class=\"elementor-heading-title elementor-size-default\">Merci d'avoir rempli le formulaire!<\/h1>\t\t\t\t<\/div>\n\t\t\t\t<\/div>\n\t\t\t\t<div class=\"elementor-element elementor-element-e41da2a elementor-hidden-desktop elementor-hidden-tablet elementor-widget elementor-widget-image\" data-id=\"e41da2a\" data-element_type=\"widget\" data-e-type=\"widget\" data-widget_type=\"image.default\">\n\t\t\t\t<div class=\"elementor-widget-container\">\n\t\t\t\t\t\t\t\t\t\t\t\t\t\t\t<img loading=\"lazy\" decoding=\"async\" width=\"1336\" height=\"582\" src=\"https:\/\/www.prod23.movingwaldo.com\/wp-content\/uploads\/2024\/09\/Right.png\" class=\"attachment-full size-full wp-image-1347204\" alt=\"\" \/>\t\t\t\t\t\t\t\t\t\t\t\t\t\t\t<\/div>\n\t\t\t\t<\/div>\n\t\t\t\t\t<\/div>\n\t\t\t\t<\/div>\n\t\t<div data-dce-background-color=\"#F4F7FC\" class=\"elementor-element elementor-element-d6a059f e-flex e-con-boxed e-con e-parent\" data-id=\"d6a059f\" data-element_type=\"container\" data-e-type=\"container\" data-settings=\"{&quot;jet_parallax_layout_list&quot;:[],&quot;background_background&quot;:&quot;classic&quot;}\">\n\t\t\t\t\t<div class=\"e-con-inner\">\n\t\t<div class=\"elementor-element elementor-element-d61a213 e-con-full e-flex e-con e-child\" data-id=\"d61a213\" data-element_type=\"container\" data-e-type=\"container\" data-settings=\"{&quot;background_background&quot;:&quot;classic&quot;,&quot;jet_parallax_layout_list&quot;:[]}\">\n\t\t\t\t<div class=\"elementor-element elementor-element-d7609c7 elementor-widget elementor-widget-text-editor\" data-id=\"d7609c7\" data-element_type=\"widget\" data-e-type=\"widget\" data-widget_type=\"text-editor.default\">\n\t\t\t\t<div class=\"elementor-widget-container\">\n\t\t\t\t\t\t\t\t\t<p>Merci d&rsquo;avoir rempli la demande de r\u00e9clamation.\u00a0<\/p><p><span style=\"color: #fa372c;\">Nous vous reviendrons sous peu!<\/span><\/p>\t\t\t\t\t\t\t\t<\/div>\n\t\t\t\t<\/div>\n\t\t\t\t<\/div>\n\t\t\t\t\t<\/div>\n\t\t\t\t<\/div>\n\t\t\t\t<\/div>\n\t\t","protected":false},"excerpt":{"rendered":"<p>Merci d&rsquo;avoir rempli le formulaire! Merci d&rsquo;avoir rempli la demande de r\u00e9clamation.\u00a0 Nous vous reviendrons sous peu!<\/p>\n","protected":false},"author":17,"featured_media":0,"parent":1347187,"menu_order":0,"comment_status":"closed","ping_status":"closed","template":[],"meta":{"_acf_changed":false,"footnotes":""},"related_content":[],"class_list":["post-1347661","page","type-page","status-publish","hentry"],"acf":[],"yoast_head":"<!-- This site is optimized with the Yoast SEO plugin v27.5 - https:\/\/yoast.com\/product\/yoast-seo-wordpress\/ -->\n<title>Processus de r\u00e9clamation - Confirmation - MovingWaldo<\/title>\n<meta name=\"description\" content=\"Des dommages ont \u00e9t\u00e9 constat\u00e9s lors de votre d\u00e9m\u00e9nagement r\u00e9serv\u00e9 via MovingWaldo ? Nous sommes l\u00e0 pour vous aider !\" \/>\n<meta name=\"robots\" content=\"noindex, follow\" \/>\n<meta property=\"og:locale\" content=\"fr_FR\" \/>\n<meta property=\"og:type\" content=\"article\" \/>\n<meta property=\"og:title\" content=\"Processus de r\u00e9clamation - Confirmation - MovingWaldo\" \/>\n<meta property=\"og:description\" content=\"Des dommages ont \u00e9t\u00e9 constat\u00e9s lors de votre d\u00e9m\u00e9nagement r\u00e9serv\u00e9 via MovingWaldo ? Nous sommes l\u00e0 pour vous aider !\" \/>\n<meta property=\"og:url\" content=\"https:\/\/www.prod23.movingwaldo.com\/fr\/processus-de-reclamation\/processus-de-reclamation-confirmation\/\" \/>\n<meta property=\"og:site_name\" content=\"MovingWaldo\" \/>\n<meta property=\"article:publisher\" content=\"https:\/\/www.facebook.com\/movingwaldo\" \/>\n<meta property=\"article:modified_time\" content=\"2024-09-06T15:03:43+00:00\" \/>\n<meta property=\"og:image\" content=\"https:\/\/www.prod23.movingwaldo.com\/wp-content\/uploads\/2024\/09\/Right.png\" \/>\n\t<meta property=\"og:image:width\" content=\"1336\" \/>\n\t<meta property=\"og:image:height\" content=\"582\" \/>\n\t<meta property=\"og:image:type\" content=\"image\/png\" \/>\n<meta name=\"twitter:label1\" content=\"Dur\u00e9e de lecture estim\u00e9e\" \/>\n\t<meta name=\"twitter:data1\" content=\"7 minutes\" \/>\n<!-- \/ Yoast SEO plugin. -->","yoast_head_json":{"title":"Processus de r\u00e9clamation - Confirmation - MovingWaldo","description":"Des dommages ont \u00e9t\u00e9 constat\u00e9s lors de votre d\u00e9m\u00e9nagement r\u00e9serv\u00e9 via MovingWaldo ? Nous sommes l\u00e0 pour vous aider !","robots":{"index":"noindex","follow":"follow"},"og_locale":"fr_FR","og_type":"article","og_title":"Processus de r\u00e9clamation - Confirmation - MovingWaldo","og_description":"Des dommages ont \u00e9t\u00e9 constat\u00e9s lors de votre d\u00e9m\u00e9nagement r\u00e9serv\u00e9 via MovingWaldo ? Nous sommes l\u00e0 pour vous aider !","og_url":"https:\/\/www.prod23.movingwaldo.com\/fr\/processus-de-reclamation\/processus-de-reclamation-confirmation\/","og_site_name":"MovingWaldo","article_publisher":"https:\/\/www.facebook.com\/movingwaldo","article_modified_time":"2024-09-06T15:03:43+00:00","og_image":[{"width":1336,"height":582,"url":"https:\/\/www.prod23.movingwaldo.com\/wp-content\/uploads\/2024\/09\/Right.png","type":"image\/png"}],"twitter_misc":{"Dur\u00e9e de lecture estim\u00e9e":"7 minutes"},"schema":{"@context":"https:\/\/schema.org","@graph":[{"@type":"WebPage","@id":"https:\/\/www.prod23.movingwaldo.com\/fr\/processus-de-reclamation\/processus-de-reclamation-confirmation\/","url":"https:\/\/www.prod23.movingwaldo.com\/fr\/processus-de-reclamation\/processus-de-reclamation-confirmation\/","name":"Processus de r\u00e9clamation - Confirmation - MovingWaldo","isPartOf":{"@id":"https:\/\/www.prod23.movingwaldo.com\/fr\/#website"},"primaryImageOfPage":{"@id":"https:\/\/www.prod23.movingwaldo.com\/fr\/processus-de-reclamation\/processus-de-reclamation-confirmation\/#primaryimage"},"image":{"@id":"https:\/\/www.prod23.movingwaldo.com\/fr\/processus-de-reclamation\/processus-de-reclamation-confirmation\/#primaryimage"},"thumbnailUrl":"https:\/\/www.prod23.movingwaldo.com\/wp-content\/uploads\/2024\/09\/Right.png","datePublished":"2024-09-06T15:01:15+00:00","dateModified":"2024-09-06T15:03:43+00:00","description":"Des dommages ont \u00e9t\u00e9 constat\u00e9s lors de votre d\u00e9m\u00e9nagement r\u00e9serv\u00e9 via MovingWaldo ? Nous sommes l\u00e0 pour vous aider !","breadcrumb":{"@id":"https:\/\/www.prod23.movingwaldo.com\/fr\/processus-de-reclamation\/processus-de-reclamation-confirmation\/#breadcrumb"},"inLanguage":"fr-FR","potentialAction":[{"@type":"ReadAction","target":["https:\/\/www.prod23.movingwaldo.com\/fr\/processus-de-reclamation\/processus-de-reclamation-confirmation\/"]}]},{"@type":"ImageObject","inLanguage":"fr-FR","@id":"https:\/\/www.prod23.movingwaldo.com\/fr\/processus-de-reclamation\/processus-de-reclamation-confirmation\/#primaryimage","url":"https:\/\/www.prod23.movingwaldo.com\/wp-content\/uploads\/2024\/09\/Right.png","contentUrl":"https:\/\/www.prod23.movingwaldo.com\/wp-content\/uploads\/2024\/09\/Right.png"},{"@type":"BreadcrumbList","@id":"https:\/\/www.prod23.movingwaldo.com\/fr\/processus-de-reclamation\/processus-de-reclamation-confirmation\/#breadcrumb","itemListElement":[{"@type":"ListItem","position":1,"name":"Accueil","item":"https:\/\/www.prod23.movingwaldo.com\/fr\/"},{"@type":"ListItem","position":2,"name":"Processus de r\u00e9clamation","item":"https:\/\/www.prod23.movingwaldo.com\/fr\/processus-de-reclamation\/"},{"@type":"ListItem","position":3,"name":"Processus de r\u00e9clamation &#8211; Confirmation"}]},{"@type":"WebSite","@id":"https:\/\/www.prod23.movingwaldo.com\/fr\/#website","url":"https:\/\/www.prod23.movingwaldo.com\/fr\/","name":"MovingWaldo","description":"","publisher":{"@id":"https:\/\/www.prod23.movingwaldo.com\/fr\/#organization"},"potentialAction":[{"@type":"SearchAction","target":{"@type":"EntryPoint","urlTemplate":"https:\/\/www.prod23.movingwaldo.com\/fr\/?s={search_term_string}"},"query-input":{"@type":"PropertyValueSpecification","valueRequired":true,"valueName":"search_term_string"}}],"inLanguage":"fr-FR"},{"@type":"Organization","@id":"https:\/\/www.prod23.movingwaldo.com\/fr\/#organization","name":"MovingWaldo","url":"https:\/\/www.prod23.movingwaldo.com\/fr\/","logo":{"@type":"ImageObject","inLanguage":"fr-FR","@id":"https:\/\/www.prod23.movingwaldo.com\/fr\/#\/schema\/logo\/image\/","url":"https:\/\/www.prod23.movingwaldo.com\/wp-content\/uploads\/2018\/02\/movingwaldo-logo_GV-2.svg","contentUrl":"https:\/\/www.prod23.movingwaldo.com\/wp-content\/uploads\/2018\/02\/movingwaldo-logo_GV-2.svg","width":190,"height":37,"caption":"MovingWaldo"},"image":{"@id":"https:\/\/www.prod23.movingwaldo.com\/fr\/#\/schema\/logo\/image\/"},"sameAs":["https:\/\/www.facebook.com\/movingwaldo","https:\/\/x.com\/MovingWaldo","https:\/\/www.youtube.com\/channel\/UCfO3fLsqLsUy8MUPCbc0Uzw"]}]}},"_links":{"self":[{"href":"https:\/\/www.prod23.movingwaldo.com\/fr\/wp-json\/wp\/v2\/pages\/1347661","targetHints":{"allow":["GET"]}}],"collection":[{"href":"https:\/\/www.prod23.movingwaldo.com\/fr\/wp-json\/wp\/v2\/pages"}],"about":[{"href":"https:\/\/www.prod23.movingwaldo.com\/fr\/wp-json\/wp\/v2\/types\/page"}],"author":[{"embeddable":true,"href":"https:\/\/www.prod23.movingwaldo.com\/fr\/wp-json\/wp\/v2\/users\/17"}],"replies":[{"embeddable":true,"href":"https:\/\/www.prod23.movingwaldo.com\/fr\/wp-json\/wp\/v2\/comments?post=1347661"}],"version-history":[{"count":0,"href":"https:\/\/www.prod23.movingwaldo.com\/fr\/wp-json\/wp\/v2\/pages\/1347661\/revisions"}],"up":[{"embeddable":true,"href":"https:\/\/www.prod23.movingwaldo.com\/fr\/wp-json\/wp\/v2\/pages\/1347187"}],"wp:attachment":[{"href":"https:\/\/www.prod23.movingwaldo.com\/fr\/wp-json\/wp\/v2\/media?parent=1347661"}],"wp:term":[{"taxonomy":"related_content","embeddable":true,"href":"https:\/\/www.prod23.movingwaldo.com\/fr\/wp-json\/wp\/v2\/related_content?post=1347661"},{"taxonomy":"template","embeddable":true,"href":"https:\/\/www.prod23.movingwaldo.com\/fr\/wp-json\/wp\/v2\/template?post=1347661"}],"curies":[{"name":"wp","href":"https:\/\/api.w.org\/{rel}","templated":true}]}}