{"id":1175877,"date":"2021-06-02T15:44:18","date_gmt":"2021-06-02T19:44:18","guid":{"rendered":"https:\/\/movingwaldo.com\/?page_id=1175877"},"modified":"2023-06-29T07:58:06","modified_gmt":"2023-06-29T11:58:06","slug":"avis-de-remuneration","status":"publish","type":"page","link":"https:\/\/www.prod23.movingwaldo.com\/fr\/avis-de-remuneration\/","title":{"rendered":"Avis de r\u00e9mun\u00e9ration"},"content":{"rendered":"\t\t<div data-elementor-type=\"wp-page\" data-elementor-id=\"1175877\" class=\"elementor elementor-1175877 elementor-1175909\" data-elementor-post-type=\"page\">\n\t\t\t\t\t\t<section class=\"elementor-section elementor-top-section elementor-element elementor-element-41be62b elementor-hidden-mobile elementor-section-boxed elementor-section-height-default elementor-section-height-default\" data-id=\"41be62b\" data-element_type=\"section\" data-e-type=\"section\" data-settings=\"{&quot;jet_parallax_layout_list&quot;:[]}\">\n\t\t\t\t\t\t<div class=\"elementor-container elementor-column-gap-no\">\n\t\t\t\t\t<div class=\"elementor-column elementor-col-100 elementor-top-column elementor-element elementor-element-256e6bd\" data-id=\"256e6bd\" data-element_type=\"column\" data-e-type=\"column\">\n\t\t\t<div class=\"elementor-widget-wrap elementor-element-populated\">\n\t\t\t\t\t\t<div class=\"elementor-element elementor-element-214f3a8 elementor-widget elementor-widget-heading\" data-id=\"214f3a8\" data-element_type=\"widget\" data-e-type=\"widget\" data-widget_type=\"heading.default\">\n\t\t\t\t<div class=\"elementor-widget-container\">\n\t\t\t\t\t<h1 class=\"elementor-heading-title elementor-size-default\">Avis de r\u00e9mun\u00e9ration<\/h1>\t\t\t\t<\/div>\n\t\t\t\t<\/div>\n\t\t\t\t\t<\/div>\n\t\t<\/div>\n\t\t\t\t\t<\/div>\n\t\t<\/section>\n\t\t\t\t<section class=\"elementor-section elementor-top-section elementor-element elementor-element-93ae2c4 elementor-section-boxed elementor-section-height-default elementor-section-height-default\" data-id=\"93ae2c4\" data-element_type=\"section\" data-e-type=\"section\" data-settings=\"{&quot;jet_parallax_layout_list&quot;:[]}\">\n\t\t\t\t\t\t<div class=\"elementor-container elementor-column-gap-no\">\n\t\t\t\t\t<div class=\"elementor-column elementor-col-50 elementor-top-column elementor-element elementor-element-f9ec9a2\" data-id=\"f9ec9a2\" data-element_type=\"column\" data-e-type=\"column\">\n\t\t\t<div class=\"elementor-widget-wrap elementor-element-populated\">\n\t\t\t\t\t\t<div class=\"elementor-element elementor-element-883a59c elementor-widget-mobile__width-auto elementor-absolute elementor-hidden-desktop elementor-hidden-tablet elementor-widget elementor-widget-heading\" data-id=\"883a59c\" data-element_type=\"widget\" data-e-type=\"widget\" data-settings=\"{&quot;_position&quot;:&quot;absolute&quot;}\" data-widget_type=\"heading.default\">\n\t\t\t\t<div class=\"elementor-widget-container\">\n\t\t\t\t\t<span class=\"elementor-heading-title elementor-size-default\">Avis de r\u00e9mun\u00e9ration<\/span>\t\t\t\t<\/div>\n\t\t\t\t<\/div>\n\t\t\t\t<div class=\"elementor-element elementor-element-8caf99f elementor-nav-menu--dropdown-mobile elementor-nav-menu__text-align-aside elementor-nav-menu--toggle elementor-nav-menu--burger elementor-widget elementor-widget-nav-menu\" data-id=\"8caf99f\" data-element_type=\"widget\" data-e-type=\"widget\" data-settings=\"{&quot;layout&quot;:&quot;vertical&quot;,&quot;submenu_icon&quot;:{&quot;value&quot;:&quot;&lt;i class=\\&quot;\\&quot; aria-hidden=\\&quot;true\\&quot;&gt;&lt;\\\/i&gt;&quot;,&quot;library&quot;:&quot;&quot;},&quot;sticky&quot;:&quot;top&quot;,&quot;sticky_offset&quot;:140,&quot;sticky_on&quot;:[&quot;desktop&quot;,&quot;tablet&quot;],&quot;sticky_parent&quot;:&quot;yes&quot;,&quot;toggle&quot;:&quot;burger&quot;,&quot;sticky_effects_offset&quot;:0,&quot;sticky_anchor_link_offset&quot;:0}\" data-widget_type=\"nav-menu.default\">\n\t\t\t\t<div class=\"elementor-widget-container\">\n\t\t\t\t\t\t\t\t<nav aria-label=\"Menu\" class=\"elementor-nav-menu--main elementor-nav-menu__container elementor-nav-menu--layout-vertical e--pointer-none\">\n\t\t\t\t<ul id=\"menu-1-8caf99f\" class=\"elementor-nav-menu sm-vertical\"><li class=\"menu-item menu-item-type-post_type menu-item-object-page menu-item-privacy-policy menu-item-1279399\"><a rel=\"privacy-policy\" href=\"https:\/\/www.prod23.movingwaldo.com\/fr\/politique-de-confidentialite\/\" class=\"elementor-item\">Politique de confidentialit\u00e9<\/a><\/li>\n<li class=\"menu-item menu-item-type-post_type menu-item-object-page menu-item-1279387\"><a href=\"https:\/\/www.prod23.movingwaldo.com\/fr\/conditions-dutilisation\/\" class=\"elementor-item\">Conditions d\u2019utilisation<\/a><\/li>\n<li class=\"menu-item menu-item-type-post_type menu-item-object-page menu-item-1279665\"><a href=\"https:\/\/www.prod23.movingwaldo.com\/fr\/avis-de-remuneration\/\" class=\"elementor-item\">Avis de r\u00e9mun\u00e9ration<\/a><\/li>\n<\/ul>\t\t\t<\/nav>\n\t\t\t\t\t<div class=\"elementor-menu-toggle\" role=\"button\" tabindex=\"0\" aria-label=\"Permuter le menu\" aria-expanded=\"false\">\n\t\t\t<span class=\"elementor-menu-toggle__icon--open\"><svg xmlns=\"http:\/\/www.w3.org\/2000\/svg\" width=\"12\" height=\"7\" viewBox=\"0 0 12 7\" fill=\"none\"><path d=\"M6.00005 6.975C5.86672 6.975 5.73738 6.95 5.61205 6.9C5.48672 6.85 5.38272 6.78334 5.30005 6.7L0.700048 2.1C0.516715 1.91667 0.425049 1.68334 0.425049 1.4C0.425049 1.11667 0.516715 0.883336 0.700048 0.700003C0.883382 0.516669 1.11672 0.425003 1.40005 0.425003C1.68338 0.425003 1.91672 0.516669 2.10005 0.700003L6.00005 4.6L9.90005 0.700003C10.0834 0.516669 10.3167 0.425003 10.6 0.425003C10.8834 0.425003 11.1167 0.516669 11.3 0.700003C11.4834 0.883336 11.575 1.11667 11.575 1.4C11.575 1.68334 11.4834 1.91667 11.3 2.1L6.70005 6.7C6.60005 6.8 6.49172 6.871 6.37505 6.913C6.25838 6.955 6.13338 6.97567 6.00005 6.975Z\" fill=\"black\"><\/path><\/svg><\/span><span class=\"elementor-menu-toggle__icon--close\"><svg xmlns=\"http:\/\/www.w3.org\/2000\/svg\" width=\"12\" height=\"7\" viewBox=\"0 0 12 7\" fill=\"none\"><path d=\"M6.00005 0.025012C5.86672 0.025012 5.73738 0.0500126 5.61205 0.100013C5.48672 0.150013 5.38272 0.216679 5.30005 0.300013L0.700048 4.90001C0.516715 5.08335 0.425049 5.31668 0.425049 5.60001C0.425049 5.88335 0.516715 6.11668 0.700048 6.30001C0.883382 6.48335 1.11672 6.57501 1.40005 6.57501C1.68338 6.57501 1.91672 6.48335 2.10005 6.30001L6.00005 2.40001L9.90005 6.30001C10.0834 6.48335 10.3167 6.57501 10.6 6.57501C10.8834 6.57501 11.1167 6.48335 11.3 6.30001C11.4834 6.11668 11.575 5.88335 11.575 5.60001C11.575 5.31668 11.4834 5.08335 11.3 4.90001L6.70005 0.300013C6.60005 0.200013 6.49172 0.129012 6.37505 0.0870123C6.25838 0.0450125 6.13338 0.0243454 6.00005 0.025012Z\" fill=\"black\"><\/path><\/svg><\/span>\t\t<\/div>\n\t\t\t\t\t<nav class=\"elementor-nav-menu--dropdown elementor-nav-menu__container\" aria-hidden=\"true\">\n\t\t\t\t<ul id=\"menu-2-8caf99f\" class=\"elementor-nav-menu sm-vertical\"><li class=\"menu-item menu-item-type-post_type menu-item-object-page menu-item-privacy-policy menu-item-1279399\"><a rel=\"privacy-policy\" href=\"https:\/\/www.prod23.movingwaldo.com\/fr\/politique-de-confidentialite\/\" class=\"elementor-item\" tabindex=\"-1\">Politique de confidentialit\u00e9<\/a><\/li>\n<li class=\"menu-item menu-item-type-post_type menu-item-object-page menu-item-1279387\"><a href=\"https:\/\/www.prod23.movingwaldo.com\/fr\/conditions-dutilisation\/\" class=\"elementor-item\" tabindex=\"-1\">Conditions d\u2019utilisation<\/a><\/li>\n<li class=\"menu-item menu-item-type-post_type menu-item-object-page menu-item-1279665\"><a href=\"https:\/\/www.prod23.movingwaldo.com\/fr\/avis-de-remuneration\/\" class=\"elementor-item\" tabindex=\"-1\">Avis de r\u00e9mun\u00e9ration<\/a><\/li>\n<\/ul>\t\t\t<\/nav>\n\t\t\t\t\t\t<\/div>\n\t\t\t\t<\/div>\n\t\t\t\t<div class=\"elementor-element elementor-element-780ddcf elementor-hidden-desktop elementor-hidden-tablet elementor-widget elementor-widget-heading\" data-id=\"780ddcf\" data-element_type=\"widget\" data-e-type=\"widget\" data-widget_type=\"heading.default\">\n\t\t\t\t<div class=\"elementor-widget-container\">\n\t\t\t\t\t<h1 class=\"elementor-heading-title elementor-size-default\">Avis de r\u00e9mun\u00e9ration<\/h1>\t\t\t\t<\/div>\n\t\t\t\t<\/div>\n\t\t\t\t\t<\/div>\n\t\t<\/div>\n\t\t\t\t<div class=\"elementor-column elementor-col-50 elementor-top-column elementor-element elementor-element-3efa2b9\" data-id=\"3efa2b9\" data-element_type=\"column\" data-e-type=\"column\" data-settings=\"{&quot;background_background&quot;:&quot;classic&quot;}\">\n\t\t\t<div class=\"elementor-widget-wrap elementor-element-populated\">\n\t\t\t\t\t\t<div class=\"elementor-element elementor-element-f28f1d6 elementor-widget elementor-widget-heading\" data-id=\"f28f1d6\" data-element_type=\"widget\" data-e-type=\"widget\" data-widget_type=\"heading.default\">\n\t\t\t\t<div class=\"elementor-widget-container\">\n\t\t\t\t\t<h2 class=\"elementor-heading-title elementor-size-default\">Comment MovingWaldo peut-il \u00eatre gratuit ?<\/h2>\t\t\t\t<\/div>\n\t\t\t\t<\/div>\n\t\t\t\t<div class=\"elementor-element elementor-element-fa3ad06 elementor-widget elementor-widget-text-editor\" data-id=\"fa3ad06\" data-element_type=\"widget\" data-e-type=\"widget\" data-widget_type=\"text-editor.default\">\n\t\t\t\t<div class=\"elementor-widget-container\">\n\t\t\t\t\t\t\t\t\t<p>MovingWaldo est un site web enti\u00e8rement gratuit qui fournit des informations sur diverses entreprises de d\u00e9m\u00e9nagement. Nous sommes fiers de dire que nos avis ne sont pas commandit\u00e9s et que nous avons \u00e9valu\u00e9 ind\u00e9pendamment toutes les entreprises que nous recommandons. Cependant, nous g\u00e9n\u00e9rons des revenus gr\u00e2ce \u00e0 nos partenariats avec ces entreprises. Soyez assur\u00e9s que ces partenariats n\u2019influencent en rien l\u2019int\u00e9grit\u00e9 et la transparence de nos recommandations.<\/p>\t\t\t\t\t\t\t\t<\/div>\n\t\t\t\t<\/div>\n\t\t\t\t<div class=\"elementor-element elementor-element-4d14828 elementor-widget__width-initial elementor-widget elementor-widget-heading\" data-id=\"4d14828\" data-element_type=\"widget\" data-e-type=\"widget\" data-widget_type=\"heading.default\">\n\t\t\t\t<div class=\"elementor-widget-container\">\n\t\t\t\t\t<h2 class=\"elementor-heading-title elementor-size-default\">Comment MovingWaldo g\u00e9n\u00e8re-t-il des revenus ?<\/h2>\t\t\t\t<\/div>\n\t\t\t\t<\/div>\n\t\t\t\t<div class=\"elementor-element elementor-element-e31d4aa elementor-widget elementor-widget-text-editor\" data-id=\"e31d4aa\" data-element_type=\"widget\" data-e-type=\"widget\" data-widget_type=\"text-editor.default\">\n\t\t\t\t<div class=\"elementor-widget-container\">\n\t\t\t\t\t\t\t\t\t<p>MovingWaldo est r\u00e9mun\u00e9r\u00e9 par les entreprises affich\u00e9es sur le site web. Par exemple, lorsque vous r\u00e9servez une entreprise de d\u00e9m\u00e9nagement via notre service de r\u00e9servation de d\u00e9m\u00e9nageurs, l\u2019entreprise nous verse une commission pour l\u2019avoir pr\u00e9sent\u00e9e \u00e0 un nouveau client. De plus, nous pouvons recevoir des commissions lorsque vous cliquez sur des liens ou appelez des num\u00e9ros de t\u00e9l\u00e9phone affich\u00e9s sur notre site.\u00a0<\/p><p>Bien qu\u2019il soit vrai que ces entreprises nous r\u00e9mun\u00e8rent pour faire partie de notre r\u00e9seau, cela n\u2019affecte en rien notre\u00a0<a href=\"https:\/\/www.movingwaldo.com\/fr\/procedure-de-verification\/\">processus de s\u00e9lection rigoureux<\/a>. Notre priorit\u00e9 absolue est de nous assurer que seuls des d\u00e9m\u00e9nageurs fiables et exp\u00e9riment\u00e9s sont affich\u00e9s sur notre plateforme, et nous tenons \u00e0 notre engagement de fournir des informations impartiales et utiles pour vous aider \u00e0 prendre des d\u00e9cisions \u00e9clair\u00e9es pour votre d\u00e9m\u00e9nagement.<\/p>\t\t\t\t\t\t\t\t<\/div>\n\t\t\t\t<\/div>\n\t\t\t\t<div class=\"elementor-element elementor-element-7ede79a elementor-widget elementor-widget-heading\" data-id=\"7ede79a\" data-element_type=\"widget\" data-e-type=\"widget\" data-widget_type=\"heading.default\">\n\t\t\t\t<div class=\"elementor-widget-container\">\n\t\t\t\t\t<h2 class=\"elementor-heading-title elementor-size-default\">Comment les entreprises de d\u00e9m\u00e9nagement sont-elles s\u00e9lectionn\u00e9es\u202f?<\/h2>\t\t\t\t<\/div>\n\t\t\t\t<\/div>\n\t\t\t\t<div class=\"elementor-element elementor-element-be80aa4 elementor-widget elementor-widget-text-editor\" data-id=\"be80aa4\" data-element_type=\"widget\" data-e-type=\"widget\" data-widget_type=\"text-editor.default\">\n\t\t\t\t<div class=\"elementor-widget-container\">\n\t\t\t\t\t\t\t\t\t<p>Les entreprises de d\u00e9m\u00e9nagement passent d\u2019abord par un processus de\u00a0<b>v\u00e9rification pr\u00e9liminaire<\/b>\u00a0qui prend en compte des facteurs tels que les accr\u00e9ditations, les avis des clients, les ann\u00e9es d\u2019exp\u00e9rience, le professionnalisme et la pr\u00e9sence positive globale en ligne.<\/p><p>Une fois que l\u2019entreprise a pass\u00e9 la v\u00e9rification pr\u00e9liminaire, pour devenir\u00a0<b>V\u00e9rifi\u00e9 Waldo<\/b>, nous rencontrons le propri\u00e9taire pour discuter de son exp\u00e9rience, de ses titres de comp\u00e9tences et de sa cr\u00e9dibilit\u00e9. Seules les entreprises incorpor\u00e9es et dignes de confiance sont V\u00e9rifi\u00e9 Waldo. Nous examinons \u00e9galement leurs certificats d\u2019assurance. Les entreprises de d\u00e9m\u00e9nagement V\u00e9rifi\u00e9 Waldo doivent d\u00e9tenir un\u00a0<b>minimum<\/b>\u00a0d\u2019un million de dollars d\u2019assurance responsabilit\u00e9 civile, ainsi qu\u2019une protection l\u00e9gale des cargaisons.<\/p><p>Vous pouvez savoir qu\u2019une entreprise de d\u00e9m\u00e9nagement a \u00e9t\u00e9 V\u00e9rifi\u00e9 Waldo lorsqu\u2019elle porte la\u00a0<a href=\"https:\/\/www.movingwaldo.com\/fr\/procedure-de-verification\/\">mention<\/a>\u00a0V\u00e9rifi\u00e9 Waldo. Vous pouvez en savoir plus sur notre processus de s\u00e9lection dans notre\u00a0<a href=\"https:\/\/www.movingwaldo.com\/fr\/foire-aux-questions-3\/\">FAQ<\/a>.<\/p>\t\t\t\t\t\t\t\t<\/div>\n\t\t\t\t<\/div>\n\t\t\t\t\t<\/div>\n\t\t<\/div>\n\t\t\t\t\t<\/div>\n\t\t<\/section>\n\t\t\t\t<\/div>\n\t\t","protected":false},"excerpt":{"rendered":"<p>Comment MovingWaldo peut-il \u00eatre gratuit ? MovingWaldo est un site web enti\u00e8rement gratuit qui fournit des informations sur diverses entreprises de d\u00e9m\u00e9nagement. Nous sommes fiers de dire que nos avis ne sont pas commandit\u00e9s et que nous avons \u00e9valu\u00e9 ind\u00e9pendamment toutes les entreprises que nous recommandons. Cependant, nous g\u00e9n\u00e9rons des revenus gr\u00e2ce \u00e0 nos partenariats [&hellip;]<\/p>\n","protected":false},"author":8,"featured_media":12604,"parent":0,"menu_order":0,"comment_status":"closed","ping_status":"closed","template":[],"meta":{"_acf_changed":false,"footnotes":""},"related_content":[],"class_list":["post-1175877","page","type-page","status-publish","has-post-thumbnail","hentry"],"acf":[],"yoast_head":"<!-- This site is optimized with the Yoast SEO plugin v27.5 - https:\/\/yoast.com\/product\/yoast-seo-wordpress\/ -->\n<title>Avis de r\u00e9mun\u00e9ration - MovingWaldo<\/title>\n<meta name=\"description\" content=\"Avis de r\u00e9mun\u00e9ration\" \/>\n<meta name=\"robots\" content=\"index, follow, max-snippet:-1, max-image-preview:large, max-video-preview:-1\" \/>\n<link rel=\"canonical\" href=\"https:\/\/www.prod23.movingwaldo.com\/fr\/avis-de-remuneration\/\" \/>\n<meta property=\"og:locale\" content=\"fr_FR\" \/>\n<meta property=\"og:type\" content=\"article\" \/>\n<meta property=\"og:title\" content=\"Avis de r\u00e9mun\u00e9ration - MovingWaldo\" \/>\n<meta property=\"og:description\" content=\"Avis de r\u00e9mun\u00e9ration\" \/>\n<meta property=\"og:url\" content=\"https:\/\/www.prod23.movingwaldo.com\/fr\/avis-de-remuneration\/\" \/>\n<meta property=\"og:site_name\" content=\"MovingWaldo\" \/>\n<meta property=\"article:publisher\" content=\"https:\/\/www.facebook.com\/movingwaldo\" \/>\n<meta property=\"article:modified_time\" content=\"2023-06-29T11:58:06+00:00\" \/>\n<meta property=\"og:image\" content=\"https:\/\/www.prod23.movingwaldo.com\/wp-content\/uploads\/2019\/04\/MovingWaldo_persona.jpg\" \/>\n\t<meta property=\"og:image:width\" content=\"1662\" \/>\n\t<meta property=\"og:image:height\" content=\"1204\" \/>\n\t<meta property=\"og:image:type\" content=\"image\/jpeg\" \/>\n<meta name=\"twitter:label1\" content=\"Dur\u00e9e de lecture estim\u00e9e\" \/>\n\t<meta name=\"twitter:data1\" content=\"2 minutes\" \/>\n<!-- \/ Yoast SEO plugin. -->","yoast_head_json":{"title":"Avis de r\u00e9mun\u00e9ration - MovingWaldo","description":"Avis de r\u00e9mun\u00e9ration","robots":{"index":"index","follow":"follow","max-snippet":"max-snippet:-1","max-image-preview":"max-image-preview:large","max-video-preview":"max-video-preview:-1"},"canonical":"https:\/\/www.prod23.movingwaldo.com\/fr\/avis-de-remuneration\/","og_locale":"fr_FR","og_type":"article","og_title":"Avis de r\u00e9mun\u00e9ration - MovingWaldo","og_description":"Avis de r\u00e9mun\u00e9ration","og_url":"https:\/\/www.prod23.movingwaldo.com\/fr\/avis-de-remuneration\/","og_site_name":"MovingWaldo","article_publisher":"https:\/\/www.facebook.com\/movingwaldo","article_modified_time":"2023-06-29T11:58:06+00:00","og_image":[{"width":1662,"height":1204,"url":"https:\/\/www.prod23.movingwaldo.com\/wp-content\/uploads\/2019\/04\/MovingWaldo_persona.jpg","type":"image\/jpeg"}],"twitter_misc":{"Dur\u00e9e de lecture estim\u00e9e":"2 minutes"},"schema":{"@context":"https:\/\/schema.org","@graph":[{"@type":"WebPage","@id":"https:\/\/www.prod23.movingwaldo.com\/fr\/avis-de-remuneration\/","url":"https:\/\/www.prod23.movingwaldo.com\/fr\/avis-de-remuneration\/","name":"Avis de r\u00e9mun\u00e9ration - MovingWaldo","isPartOf":{"@id":"https:\/\/www.prod23.movingwaldo.com\/fr\/#website"},"primaryImageOfPage":{"@id":"https:\/\/www.prod23.movingwaldo.com\/fr\/avis-de-remuneration\/#primaryimage"},"image":{"@id":"https:\/\/www.prod23.movingwaldo.com\/fr\/avis-de-remuneration\/#primaryimage"},"thumbnailUrl":"https:\/\/www.prod23.movingwaldo.com\/wp-content\/uploads\/2019\/04\/MovingWaldo_persona.jpg","datePublished":"2021-06-02T19:44:18+00:00","dateModified":"2023-06-29T11:58:06+00:00","description":"Avis de r\u00e9mun\u00e9ration","breadcrumb":{"@id":"https:\/\/www.prod23.movingwaldo.com\/fr\/avis-de-remuneration\/#breadcrumb"},"inLanguage":"fr-FR","potentialAction":[{"@type":"ReadAction","target":["https:\/\/www.prod23.movingwaldo.com\/fr\/avis-de-remuneration\/"]}]},{"@type":"ImageObject","inLanguage":"fr-FR","@id":"https:\/\/www.prod23.movingwaldo.com\/fr\/avis-de-remuneration\/#primaryimage","url":"https:\/\/www.prod23.movingwaldo.com\/wp-content\/uploads\/2019\/04\/MovingWaldo_persona.jpg","contentUrl":"https:\/\/www.prod23.movingwaldo.com\/wp-content\/uploads\/2019\/04\/MovingWaldo_persona.jpg","width":1662,"height":1204,"caption":"Movingwaldo"},{"@type":"BreadcrumbList","@id":"https:\/\/www.prod23.movingwaldo.com\/fr\/avis-de-remuneration\/#breadcrumb","itemListElement":[{"@type":"ListItem","position":1,"name":"Accueil","item":"https:\/\/www.prod23.movingwaldo.com\/fr\/"},{"@type":"ListItem","position":2,"name":"Avis de r\u00e9mun\u00e9ration"}]},{"@type":"WebSite","@id":"https:\/\/www.prod23.movingwaldo.com\/fr\/#website","url":"https:\/\/www.prod23.movingwaldo.com\/fr\/","name":"MovingWaldo","description":"","publisher":{"@id":"https:\/\/www.prod23.movingwaldo.com\/fr\/#organization"},"potentialAction":[{"@type":"SearchAction","target":{"@type":"EntryPoint","urlTemplate":"https:\/\/www.prod23.movingwaldo.com\/fr\/?s={search_term_string}"},"query-input":{"@type":"PropertyValueSpecification","valueRequired":true,"valueName":"search_term_string"}}],"inLanguage":"fr-FR"},{"@type":"Organization","@id":"https:\/\/www.prod23.movingwaldo.com\/fr\/#organization","name":"MovingWaldo","url":"https:\/\/www.prod23.movingwaldo.com\/fr\/","logo":{"@type":"ImageObject","inLanguage":"fr-FR","@id":"https:\/\/www.prod23.movingwaldo.com\/fr\/#\/schema\/logo\/image\/","url":"https:\/\/www.prod23.movingwaldo.com\/wp-content\/uploads\/2018\/02\/movingwaldo-logo_GV-2.svg","contentUrl":"https:\/\/www.prod23.movingwaldo.com\/wp-content\/uploads\/2018\/02\/movingwaldo-logo_GV-2.svg","width":190,"height":37,"caption":"MovingWaldo"},"image":{"@id":"https:\/\/www.prod23.movingwaldo.com\/fr\/#\/schema\/logo\/image\/"},"sameAs":["https:\/\/www.facebook.com\/movingwaldo","https:\/\/x.com\/MovingWaldo","https:\/\/www.youtube.com\/channel\/UCfO3fLsqLsUy8MUPCbc0Uzw"]}]}},"_links":{"self":[{"href":"https:\/\/www.prod23.movingwaldo.com\/fr\/wp-json\/wp\/v2\/pages\/1175877","targetHints":{"allow":["GET"]}}],"collection":[{"href":"https:\/\/www.prod23.movingwaldo.com\/fr\/wp-json\/wp\/v2\/pages"}],"about":[{"href":"https:\/\/www.prod23.movingwaldo.com\/fr\/wp-json\/wp\/v2\/types\/page"}],"author":[{"embeddable":true,"href":"https:\/\/www.prod23.movingwaldo.com\/fr\/wp-json\/wp\/v2\/users\/8"}],"replies":[{"embeddable":true,"href":"https:\/\/www.prod23.movingwaldo.com\/fr\/wp-json\/wp\/v2\/comments?post=1175877"}],"version-history":[{"count":0,"href":"https:\/\/www.prod23.movingwaldo.com\/fr\/wp-json\/wp\/v2\/pages\/1175877\/revisions"}],"wp:featuredmedia":[{"embeddable":true,"href":"https:\/\/www.prod23.movingwaldo.com\/fr\/wp-json\/wp\/v2\/media\/12604"}],"wp:attachment":[{"href":"https:\/\/www.prod23.movingwaldo.com\/fr\/wp-json\/wp\/v2\/media?parent=1175877"}],"wp:term":[{"taxonomy":"related_content","embeddable":true,"href":"https:\/\/www.prod23.movingwaldo.com\/fr\/wp-json\/wp\/v2\/related_content?post=1175877"},{"taxonomy":"template","embeddable":true,"href":"https:\/\/www.prod23.movingwaldo.com\/fr\/wp-json\/wp\/v2\/template?post=1175877"}],"curies":[{"name":"wp","href":"https:\/\/api.w.org\/{rel}","templated":true}]}}